{"id":39,"date":"2018-06-14T16:13:45","date_gmt":"2018-06-14T14:13:45","guid":{"rendered":"https:\/\/hullamracs.hu\/?page_id=39"},"modified":"2024-04-09T13:25:04","modified_gmt":"2024-04-09T11:25:04","slug":"kezdolap","status":"publish","type":"page","link":"https:\/\/hullamracs.hu\/en\/","title":{"rendered":"Kezd\u0151lap"},"content":{"rendered":"[et_pb_section fb_built=&#8221;1&#8243; fullwidth=&#8221;on&#8221; _builder_version=&#8221;3.22&#8243; max_width_tablet=&#8221;100%&#8221; max_width_phone=&#8221;&#8221; max_width_last_edited=&#8221;on|tablet&#8221; custom_margin=&#8221;0px|0px|0px|0px&#8221; custom_padding=&#8221;0||0||true|false&#8221;][et_pb_fullwidth_slider _builder_version=&#8221;3.16&#8243; header_level=&#8221;h1&#8243; header_font=&#8221;||||||||&#8221; header_text_align=&#8221;center&#8221; header_font_size=&#8221;40px&#8221; body_font=&#8221;||||||||&#8221; max_width_tablet=&#8221;&#8221; max_width_phone=&#8221;&#8221; max_width_last_edited=&#8221;on|desktop&#8221; custom_margin=&#8221;0px|||&#8221; custom_padding=&#8221;0px|0px|0px|0px&#8221; auto=&#8221;on&#8221; auto_speed=&#8221;5000&#8243; header_font_size_tablet=&#8221;30px&#8221; header_font_size_phone=&#8221;20px&#8221; header_font_size_last_edited=&#8221;on|phone&#8221; button_text_size__hover_enabled=&#8221;off&#8221; button_one_text_size__hover_enabled=&#8221;off&#8221; button_two_text_size__hover_enabled=&#8221;off&#8221; button_text_color__hover_enabled=&#8221;off&#8221; button_one_text_color__hover_enabled=&#8221;off&#8221; button_two_text_color__hover_enabled=&#8221;off&#8221; button_border_width__hover_enabled=&#8221;off&#8221; button_one_border_width__hover_enabled=&#8221;off&#8221; button_two_border_width__hover_enabled=&#8221;off&#8221; button_border_color__hover_enabled=&#8221;off&#8221; button_one_border_color__hover_enabled=&#8221;off&#8221; button_two_border_color__hover_enabled=&#8221;off&#8221; button_border_radius__hover_enabled=&#8221;off&#8221; button_one_border_radius__hover_enabled=&#8221;off&#8221; button_two_border_radius__hover_enabled=&#8221;off&#8221; button_letter_spacing__hover_enabled=&#8221;off&#8221; button_one_letter_spacing__hover_enabled=&#8221;off&#8221; button_two_letter_spacing__hover_enabled=&#8221;off&#8221; button_bg_color__hover_enabled=&#8221;off&#8221; button_one_bg_color__hover_enabled=&#8221;off&#8221; button_two_bg_color__hover_enabled=&#8221;off&#8221;][et_pb_slide heading=&#8221;HULL\u00c1MR\u00c1CSOK \u00c9S PONTHEGESZTETT H\u00c1L\u00d3K&#8221; button_text=&#8221;AJ\u00c1NLATK\u00c9R\u00c9S&#8221; button_link=&#8221;https:\/\/hullamracs.hu\/#ajanlatkeres&#8221; use_bg_overlay=&#8221;off&#8221; use_text_overlay=&#8221;on&#8221; text_overlay_color=&#8221;rgba(0,0,0,0.64)&#8221; _builder_version=&#8221;3.16&#8243; header_font=&#8221;||||||||&#8221; header_text_align=&#8221;center&#8221; body_font=&#8221;||||||||&#8221; use_background_color_gradient=&#8221;on&#8221; background_color_gradient_start=&#8221;rgba(135,135,135,0.48)&#8221; background_color_gradient_end=&#8221;rgba(0,0,0,0.67)&#8221; background_color_gradient_overlays_image=&#8221;on&#8221; background_image=&#8221;https:\/\/hullamracs.hu\/wp-content\/uploads\/2018\/06\/hullamracs-slider-metmark.jpg&#8221; text_orientation=&#8221;center&#8221; custom_padding=&#8221;200px|0px|200px|0px|true&#8221; custom_padding_tablet=&#8221;100px||100px||true&#8221; custom_padding_phone=&#8221;100px||100px||true&#8221; custom_padding_last_edited=&#8221;on|phone&#8221; header_font_size_tablet=&#8221;30px&#8221; header_font_size_phone=&#8221;30px&#8221; header_font_size_last_edited=&#8221;on|phone&#8221; button_text_size__hover_enabled=&#8221;off&#8221; button_one_text_size__hover_enabled=&#8221;off&#8221; button_two_text_size__hover_enabled=&#8221;off&#8221; button_text_color__hover_enabled=&#8221;off&#8221; button_one_text_color__hover_enabled=&#8221;off&#8221; button_two_text_color__hover_enabled=&#8221;off&#8221; button_border_width__hover_enabled=&#8221;off&#8221; button_one_border_width__hover_enabled=&#8221;off&#8221; button_two_border_width__hover_enabled=&#8221;off&#8221; button_border_color__hover_enabled=&#8221;off&#8221; button_one_border_color__hover_enabled=&#8221;off&#8221; button_two_border_color__hover_enabled=&#8221;off&#8221; button_border_radius__hover_enabled=&#8221;off&#8221; button_one_border_radius__hover_enabled=&#8221;off&#8221; button_two_border_radius__hover_enabled=&#8221;off&#8221; button_letter_spacing__hover_enabled=&#8221;off&#8221; button_one_letter_spacing__hover_enabled=&#8221;off&#8221; button_two_letter_spacing__hover_enabled=&#8221;off&#8221; button_bg_color__hover_enabled=&#8221;off&#8221; button_one_bg_color__hover_enabled=&#8221;off&#8221; button_two_bg_color__hover_enabled=&#8221;off&#8221;][\/et_pb_slide][\/et_pb_fullwidth_slider][\/et_pb_section][et_pb_section fb_built=&#8221;1&#8243; _builder_version=&#8221;3.22&#8243; custom_padding=&#8221;0|0px|0|0px|false|false&#8221;][et_pb_row module_id=&#8221;hullamracsok&#8221; _builder_version=&#8221;3.25&#8243; custom_padding=&#8221;50px|0px|27px|0px|false|false&#8221;][et_pb_column type=&#8221;4_4&#8243; _builder_version=&#8221;3.25&#8243; custom_padding=&#8221;|||&#8221; custom_padding__hover=&#8221;|||&#8221;][et_pb_text _builder_version=&#8221;3.27.4&#8243;]<h1 style=\"text-align: center;\"><strong>Corrugated grids<\/strong><\/h1>\r[\/et_pb_text][\/et_pb_column][\/et_pb_row][et_pb_row module_id=&#8221;rendszerek&#8221; _builder_version=&#8221;3.25&#8243; background_size=&#8221;initial&#8221; background_position=&#8221;top_left&#8221; background_repeat=&#8221;repeat&#8221; custom_padding=&#8221;20px|0px|27px|0px|false|false&#8221;][et_pb_column type=&#8221;4_4&#8243; _builder_version=&#8221;3.25&#8243; custom_padding=&#8221;|||&#8221; custom_padding__hover=&#8221;|||&#8221;][et_pb_text _builder_version=&#8221;3.27.4&#8243; background_size=&#8221;initial&#8221; background_position=&#8221;top_left&#8221; background_repeat=&#8221;repeat&#8221;]<div class=\"fusion-text\">\r\n<div class=\"st-toggle\">\r\n<div class=\"st-toggle-content\">\r\n<p style=\"text-align: center;\"><span style=\"font-size: large;\">The corrugated grids are very popular products in the building industry. We can meet them in large numbers as fence panels.<\/span><\/p>\r\n<p style=\"text-align: center;\"><span style=\"font-size: large;\">Most characteristic fields of usage of the corrugated grids:<\/span>\r\n<span style=\"font-size: large;\">\u2022 BUILDING INDUSTRY \u2013 fence elements, railing elements, gates, etc.<\/span>\r\n<span style=\"font-size: large;\">\u2022 MACINE INDUSTRY \u2013 machine coverings, containers, etc.<\/span><\/p>\r\n<p style=\"text-align: center;\"><span style=\"font-size: large;\">Besides the standard quantities. Corrugated grid types in our stock we undertake manufacturing boards with individual dimensions, even in small.<\/span><\/p>\r\n\r\n<\/div>\r\n<\/div>\r\n<\/div>\r[\/et_pb_text][\/et_pb_column][\/et_pb_row][et_pb_row _builder_version=&#8221;3.25&#8243;][et_pb_column type=&#8221;4_4&#8243; _builder_version=&#8221;3.25&#8243; custom_padding=&#8221;|||&#8221; custom_padding__hover=&#8221;|||&#8221;][et_pb_text _builder_version=&#8221;3.27.4&#8243;]<h2 style=\"text-align: center;\">Stock<\/h2>\r[\/et_pb_text][\/et_pb_column][\/et_pb_row][et_pb_row _builder_version=&#8221;3.25&#8243;][et_pb_column type=&#8221;4_4&#8243; _builder_version=&#8221;3.25&#8243; custom_padding=&#8221;|||&#8221; custom_padding__hover=&#8221;|||&#8221;][et_pb_image src=&#8221;https:\/\/hullamracs.hu\/wp-content\/uploads\/2018\/06\/hullamracs-2.jpg&#8221; align=&#8221;center&#8221; align_tablet=&#8221;center&#8221; align_last_edited=&#8221;on|desktop&#8221; _builder_version=&#8221;3.23&#8243; box_shadow_style=&#8221;preset3&#8243;][\/et_pb_image][\/et_pb_column][\/et_pb_row][et_pb_row _builder_version=&#8221;3.25&#8243;][et_pb_column type=&#8221;4_4&#8243; _builder_version=&#8221;3.25&#8243; custom_padding=&#8221;|||&#8221; custom_padding__hover=&#8221;|||&#8221;][et_pb_text _builder_version=&#8221;3.27.4&#8243; header_3_font=&#8221;||||||||&#8221;]<h3 style=\"text-align: center;\">Steel<\/h3>\r\n<table>\r\n<tbody>\r\n<tr>\r\n<td style=\"text-align: center;\">szemm\u00e9ret (mm)<\/td>\r\n<td style=\"text-align: center;\">huzal vastags\u00e1g (mm)<\/td>\r\n<td style=\"text-align: center;\">dimensions (mm)<\/td>\r\n<td style=\"text-align: center;\">weight (kg\/m2)<\/td>\r\n<\/tr>\r\n<tr>\r\n<td style=\"text-align: center;\">10 x 10<\/td>\r\n<td style=\"text-align: center;\">1,8<\/td>\r\n<td style=\"text-align: center;\">1000 x 2000<\/td>\r\n<td style=\"text-align: center;\">3,8<\/td>\r\n<\/tr>\r\n<tr>\r\n<td style=\"text-align: center;\">20 x 20<\/td>\r\n<td style=\"text-align: center;\">2,5<\/td>\r\n<td style=\"text-align: center;\">1000 x 2000<\/td>\r\n<td style=\"text-align: center;\">4,0<\/td>\r\n<\/tr>\r\n<tr>\r\n<td style=\"text-align: center;\">30 x 30<\/td>\r\n<td style=\"text-align: center;\">3,0<\/td>\r\n<td style=\"text-align: center;\">1000 x 2000<\/td>\r\n<td style=\"text-align: center;\">3,6<\/td>\r\n<\/tr>\r\n<tr>\r\n<td style=\"text-align: center;\">40 x 40<\/td>\r\n<td style=\"text-align: center;\">3,8<\/td>\r\n<td style=\"text-align: center;\">1000 x 2000<\/td>\r\n<td style=\"text-align: center;\">4,5<\/td>\r\n<\/tr>\r\n<tr>\r\n<td style=\"text-align: center;\">50 x 50<\/td>\r\n<td style=\"text-align: center;\">4,0<\/td>\r\n<td style=\"text-align: center;\">1000 x 2000<\/td>\r\n<td style=\"text-align: center;\">4,2<\/td>\r\n<\/tr>\r\n<tr>\r\n<td style=\"text-align: center;\">50 x 50 diagonal<\/td>\r\n<td style=\"text-align: center;\">4,0<\/td>\r\n<td style=\"text-align: center;\">1000 x 2000<\/td>\r\n<td style=\"text-align: center;\">4,05<\/td>\r\n<\/tr>\r\n<tr>\r\n<td style=\"text-align: center;\">20 x 20<\/td>\r\n<td style=\"text-align: center;\">2,5<\/td>\r\n<td style=\"text-align: center;\">egyedi<\/td>\r\n<td style=\"text-align: center;\">4,8<\/td>\r\n<\/tr>\r\n<\/tbody>\r\n<\/table>\r[\/et_pb_text][\/et_pb_column][\/et_pb_row][et_pb_row _builder_version=&#8221;3.25&#8243;][et_pb_column type=&#8221;4_4&#8243; _builder_version=&#8221;3.25&#8243; custom_padding=&#8221;|||&#8221; custom_padding__hover=&#8221;|||&#8221;][et_pb_divider divider_position=&#8221;center&#8221; divider_weight=&#8221;2px&#8221; module_id=&#8221;raktarkeszlet&#8221; _builder_version=&#8221;3.8.1&#8243; height=&#8221;25px&#8221;][\/et_pb_divider][\/et_pb_column][\/et_pb_row][et_pb_row module_id=&#8221;ponthegesztett&#8221; _builder_version=&#8221;3.25&#8243; custom_padding=&#8221;50px|0px|27px|0px|false|false&#8221;][et_pb_column type=&#8221;4_4&#8243; _builder_version=&#8221;3.25&#8243; custom_padding=&#8221;|||&#8221; custom_padding__hover=&#8221;|||&#8221;][et_pb_text _builder_version=&#8221;3.27.4&#8243;]<h2 style=\"text-align: center;\"><strong>Spot welded nets<\/strong><\/h2>\r[\/et_pb_text][\/et_pb_column][\/et_pb_row][et_pb_row module_id=&#8221;rendszerek&#8221; _builder_version=&#8221;3.25&#8243; background_size=&#8221;initial&#8221; background_position=&#8221;top_left&#8221; background_repeat=&#8221;repeat&#8221; custom_padding=&#8221;20px|0px|27px|0px|false|false&#8221;][et_pb_column type=&#8221;4_4&#8243; _builder_version=&#8221;3.25&#8243; custom_padding=&#8221;|||&#8221; custom_padding__hover=&#8221;|||&#8221;][et_pb_text _builder_version=&#8221;3.27.4&#8243; background_size=&#8221;initial&#8221; background_position=&#8221;top_left&#8221; background_repeat=&#8221;repeat&#8221;]<div class=\"fusion-text\">\r\n<div class=\"st-toggle\">\r\n<div class=\"st-toggle-content\">\r\n<p style=\"text-align: center;\"><span style=\"font-size: large;\">The spot welded nets can be is in several fields of the building industry.<\/span><\/p>\r\n<p style=\"text-align: center;\"><span style=\"font-size: large;\">We can distinguish two types:<\/span>\r\n<span style=\"font-size: large;\">\u2022 spot welded flat net \u2013 boarded product \u2013 the smallest mesh size which can be ordered: 50 x 50 mm<\/span>\r\n<span style=\"font-size: large;\">\u2022 spot welded net \u2013 rolled product<\/span><\/p>\r\n<p style=\"text-align: center;\"><span style=\"font-size: large;\">Most characteristic usage fields of the spot welded nets:<\/span>\r\n<span style=\"font-size: large;\">\u2022 BILDING INDUSTRY \u2013 fence elements, railing elements, gates, nets for reinforced concrete,<\/span>\r\n<span style=\"font-size: large;\">bird nets, etc.<\/span>\r\n<span style=\"font-size: large;\">\u2022 MACINE INDUSTRY \u2013 machine coverings, containers, etc.<\/span>\r\n<span style=\"font-size: large;\">\u2022 AIR CONDITIONING TECHNOLOGY \u2013 net rolls, paper filter cartridge holders, etc.<\/span>\r\n<span style=\"font-size: large;\">\u2022 FOOD INDUSTRY \u2013 filters, coverings.<\/span><\/p>\r\n<p style=\"text-align: center;\"><span style=\"font-size: large;\">We have in our stock rolled products from the spot welded product and one type from the board product may be purchased from the stock, we obtain the rest based on order. The raw material, besides steel, may be galvanized steel or stainless steel as well.<\/span><\/p>\r\n\r\n<\/div>\r\n<\/div>\r\n<\/div>\r[\/et_pb_text][\/et_pb_column][\/et_pb_row][et_pb_row _builder_version=&#8221;3.25&#8243;][et_pb_column type=&#8221;4_4&#8243; _builder_version=&#8221;3.25&#8243; custom_padding=&#8221;|||&#8221; custom_padding__hover=&#8221;|||&#8221;][et_pb_text _builder_version=&#8221;3.27.4&#8243;]<h2 style=\"text-align: center;\">Stock<\/h2>\r[\/et_pb_text][\/et_pb_column][\/et_pb_row][et_pb_row _builder_version=&#8221;3.25&#8243;][et_pb_column type=&#8221;4_4&#8243; _builder_version=&#8221;3.25&#8243; custom_padding=&#8221;|||&#8221; custom_padding__hover=&#8221;|||&#8221;][et_pb_image src=&#8221;https:\/\/hullamracs.hu\/wp-content\/uploads\/2018\/06\/ponthegesztett.jpg&#8221; align=&#8221;center&#8221; align_tablet=&#8221;center&#8221; align_last_edited=&#8221;on|desktop&#8221; _builder_version=&#8221;3.23&#8243; box_shadow_style=&#8221;preset3&#8243;][\/et_pb_image][\/et_pb_column][\/et_pb_row][et_pb_row _builder_version=&#8221;3.25&#8243;][et_pb_column type=&#8221;4_4&#8243; _builder_version=&#8221;3.25&#8243; custom_padding=&#8221;|||&#8221; custom_padding__hover=&#8221;|||&#8221;][et_pb_text _builder_version=&#8221;4.4.3&#8243; header_3_font=&#8221;||||||||&#8221; hover_enabled=&#8221;0&#8243;]<h3 style=\"text-align: center;\">Galvanized steel coil<\/h3>\n<table>\n<tbody>\n<tr>\n<td style=\"text-align: center;\">szemm\u00e9ret (mm)<\/td>\n<td style=\"text-align: center;\">huzal vastags\u00e1g (mm)<\/td>\n<td style=\"text-align: center;\">tekercs m\u00e9ret (mm)<\/td>\n<\/tr>\n<tr>\n<td style=\"text-align: center;\">10 x 10<\/td>\n<td style=\"text-align: center;\">0,8<\/td>\n<td style=\"text-align: center;\">1000 x 25000<\/td>\n<\/tr>\n<tr>\n<td style=\"text-align: center;\">13 x 13<\/td>\n<td style=\"text-align: center;\">0,8<\/td>\n<td style=\"text-align: center;\">1000 x 25000<\/td>\n<\/tr>\n<tr>\n<td style=\"text-align: center;\">13 x 13<\/td>\n<td style=\"text-align: center;\">1,0<\/td>\n<td style=\"text-align: center;\">1000 x 25000<\/td>\n<\/tr>\n<tr>\n<td style=\"text-align: center;\">13 x 25<\/td>\n<td style=\"text-align: center;\">1,5<\/td>\n<td style=\"text-align: center;\">1000 x 25000<\/td>\n<\/tr>\n<tr>\n<td style=\"text-align: center;\">16 x 16<\/td>\n<td style=\"text-align: center;\">1,2<\/td>\n<td style=\"text-align: center;\">1000 x 25000<\/td>\n<\/tr>\n<tr>\n<td style=\"text-align: center;\">19 x 19<\/td>\n<td style=\"text-align: center;\">1,4<\/td>\n<td style=\"text-align: center;\">1000 x 25000<\/td>\n<\/tr>\n<\/tbody>\n<\/table>\n[\/et_pb_text][\/et_pb_column][\/et_pb_row][et_pb_row _builder_version=&#8221;3.25&#8243; custom_padding=&#8221;27px|0px|100px|0px|false|false&#8221;][et_pb_column type=&#8221;4_4&#8243; _builder_version=&#8221;3.25&#8243; custom_padding=&#8221;|||&#8221; custom_padding__hover=&#8221;|||&#8221;][et_pb_text _builder_version=&#8221;3.27.4&#8243; header_3_font=&#8221;||||||||&#8221;]<h3 style=\"text-align: center;\">Ac\u00e9l s\u00edkh\u00e1l\u00f3<\/h3>\r\n<table>\r\n<tbody>\r\n<tr>\r\n<td style=\"text-align: center;\">szemm\u00e9ret (mm)<\/td>\r\n<td style=\"text-align: center;\">huzal vastags\u00e1g (mm)<\/td>\r\n<td style=\"text-align: center;\">tekercs m\u00e9ret (mm)<\/td>\r\n<\/tr>\r\n<tr>\r\n<td style=\"text-align: center;\">50 x 50<\/td>\r\n<td style=\"text-align: center;\">4,0<\/td>\r\n<td style=\"text-align: center;\">1000 x 2000<\/td>\r\n<\/tr>\r\n<tr>\r\n<td style=\"text-align: center;\">50 x 50<\/td>\r\n<td style=\"text-align: center;\">4,0<\/td>\r\n<td style=\"text-align: center;\">1250 x 2500<\/td>\r\n<\/tr>\r\n<\/tbody>\r\n<\/table>\r[\/et_pb_text][\/et_pb_column][\/et_pb_row][et_pb_row module_id=&#8221;ajanlatkeres&#8221; _builder_version=&#8221;3.25&#8243; background_color=&#8221;#436eb3&#8243; width=&#8221;100%&#8221; max_width=&#8221;100%&#8221; custom_padding=&#8221;27px|0px|19px|0px|false|false&#8221; use_custom_width=&#8221;on&#8221; width_unit=&#8221;off&#8221; custom_width_percent=&#8221;100%&#8221;][et_pb_column type=&#8221;4_4&#8243; _builder_version=&#8221;3.25&#8243; custom_padding=&#8221;|||&#8221; custom_padding__hover=&#8221;|||&#8221;][et_pb_text _builder_version=&#8221;3.27.4&#8243; text_font=&#8221;||||||||&#8221; text_text_color=&#8221;#ffffff&#8221; header_font=&#8221;||||||||&#8221; header_text_color=&#8221;#ffffff&#8221; background_layout=&#8221;dark&#8221;]<h2 style=\"text-align: center;\">QUOTATION<\/h2>\n<h2 style=\"text-align: center;\">We will call you back.<\/h2>[\/et_pb_text][\/et_pb_column][\/et_pb_row][et_pb_row _builder_version=&#8221;3.25&#8243; background_color_gradient_direction=&#8221;300deg&#8221; width=&#8221;100%&#8221; max_width=&#8221;100%&#8221; custom_padding=&#8221;40px|0px|40px|0px|true|false&#8221; border_color_top=&#8221;#0c71c3&#8243; use_custom_width=&#8221;on&#8221; width_unit=&#8221;off&#8221; custom_width_percent=&#8221;100%&#8221; column_structure=&#8221;1_3,1_3,1_3&#8243;][et_pb_column type=&#8221;1_3&#8243; _builder_version=&#8221;3.25&#8243; custom_padding=&#8221;0px||0px|&#8221; custom_padding_tablet=&#8221;0px||0px|&#8221; custom_padding_last_edited=&#8221;on|tablet&#8221; padding_tablet=&#8221;0px||0px|&#8221; padding_last_edited=&#8221;on|tablet&#8221; custom_padding__hover=&#8221;|||&#8221;][\/et_pb_column][et_pb_column type=&#8221;1_3&#8243; _builder_version=&#8221;3.25&#8243; custom_padding=&#8221;|||&#8221; custom_padding__hover=&#8221;|||&#8221;][et_pb_code text_orientation=&#8221;center&#8221; max_width_tablet=&#8221;&#8221; max_width_phone=&#8221;100%&#8221; max_width_last_edited=&#8221;on|phone&#8221;]\n<div class=\"wpcf7 no-js\" id=\"wpcf7-f462-o1\" lang=\"hu-HU\" dir=\"ltr\" data-wpcf7-id=\"462\">\n<div class=\"screen-reader-response\"><p role=\"status\" aria-live=\"polite\" aria-atomic=\"true\"><\/p> <ul><\/ul><\/div>\n<form action=\"\/en\/wp-json\/wp\/v2\/pages\/39#wpcf7-f462-o1\" method=\"post\" class=\"wpcf7-form init\" aria-label=\"Kapcsolatfelv\u00e9teli \u0171rlap\" novalidate=\"novalidate\" data-status=\"init\" data-trp-original-action=\"\/en\/wp-json\/wp\/v2\/pages\/39#wpcf7-f462-o1\">\n<fieldset class=\"hidden-fields-container\"><input type=\"hidden\" name=\"_wpcf7\" value=\"462\" \/><input type=\"hidden\" name=\"_wpcf7_version\" value=\"6.1.4\" \/><input type=\"hidden\" name=\"_wpcf7_locale\" value=\"hu_HU\" \/><input type=\"hidden\" name=\"_wpcf7_unit_tag\" value=\"wpcf7-f462-o1\" \/><input type=\"hidden\" name=\"_wpcf7_container_post\" value=\"0\" \/><input type=\"hidden\" name=\"_wpcf7_posted_data_hash\" value=\"\" \/><input type=\"hidden\" name=\"_wpcf7_recaptcha_response\" value=\"\" \/>\n<\/fieldset>\n<p><label> Name<br \/>\n<span class=\"wpcf7-form-control-wrap\" data-name=\"your-name\"><input size=\"40\" maxlength=\"400\" class=\"wpcf7-form-control wpcf7-text wpcf7-validates-as-required\" aria-required=\"true\" aria-invalid=\"false\" value=\"\" type=\"text\" name=\"your-name\" \/><\/span> <\/label>\n<\/p>\n<p><label> Email address<br \/>\n<span class=\"wpcf7-form-control-wrap\" data-name=\"your-email\"><input size=\"40\" maxlength=\"400\" class=\"wpcf7-form-control wpcf7-email wpcf7-validates-as-required wpcf7-text wpcf7-validates-as-email\" aria-required=\"true\" aria-invalid=\"false\" value=\"\" type=\"email\" name=\"your-email\" \/><\/span> <\/label>\n<\/p>\n<p><label> Mobile phone number<br \/>\n<span class=\"wpcf7-form-control-wrap\" data-name=\"tel-899\"><input size=\"40\" maxlength=\"400\" class=\"wpcf7-form-control wpcf7-tel wpcf7-validates-as-required wpcf7-text wpcf7-validates-as-tel\" aria-required=\"true\" aria-invalid=\"false\" value=\"\" type=\"tel\" name=\"tel-899\" \/><\/span> <\/label>\n<\/p>\n<p>A k\u00f6nnyebb \u00fcgyint\u00e9z\u00e9shez k\u00e9rj\u00fck,<br \/>\nadja meg a v\u00e1rmegy\u00e9j\u00e9t:<br \/>\n<span class=\"wpcf7-form-control-wrap\" data-name=\"menu-390\"><select class=\"wpcf7-form-control wpcf7-select wpcf7-validates-as-required\" aria-required=\"true\" aria-invalid=\"false\" name=\"menu-390\"><option value=\"\">&#8212; K\u00e9rj\u00fck, v\u00e1lasszon egy opci\u00f3t &#8212;<\/option><option value=\"Budapest\">Budapest<\/option><option value=\"B\u00e1cs-Kiskun\">B\u00e1cs-Kiskun<\/option><option value=\"Baranya\">Baranya<\/option><option value=\"B\u00e9k\u00e9s\">B\u00e9k\u00e9s<\/option><option value=\"Borsod-Aba\u00faj-Zempl\u00e9n\">Borsod-Aba\u00faj-Zempl\u00e9n<\/option><option value=\"Csongr\u00e1d-Csan\u00e1d\">Csongr\u00e1d-Csan\u00e1d<\/option><option value=\"Fej\u00e9r\">Fej\u00e9r<\/option><option value=\"Gy\u0151r-Moson-Sopron\">Gy\u0151r-Moson-Sopron<\/option><option value=\"Hajd\u00fa-Bihar\">Hajd\u00fa-Bihar<\/option><option value=\"Heves\">Heves<\/option><option value=\"J\u00e1sz-Nagykun-Szolnok\">J\u00e1sz-Nagykun-Szolnok<\/option><option value=\"Kom\u00e1rom-Esztergom\">Kom\u00e1rom-Esztergom<\/option><option value=\"N\u00f3gr\u00e1d\">N\u00f3gr\u00e1d<\/option><option value=\"Pest\">Pest<\/option><option value=\"Somogy\">Somogy<\/option><option value=\"Szabolcs-Szatm\u00e1r-Bereg\">Szabolcs-Szatm\u00e1r-Bereg<\/option><option value=\"Tolna\">Tolna<\/option><option value=\"Vas\">Vas<\/option><option value=\"Veszpr\u00e9m\">Veszpr\u00e9m<\/option><option value=\"Zala\">Zala<\/option><\/select><\/span>\n<\/p>\n<p>***<br \/>\nStatement:<span class=\"wpcf7-form-control-wrap\" data-name=\"accept-adatvedelem\"><span class=\"wpcf7-form-control wpcf7-acceptance\"><span class=\"wpcf7-list-item\"><label><input type=\"checkbox\" name=\"accept-adatvedelem\" value=\"1\" aria-invalid=\"false\" \/><span class=\"wpcf7-list-item-label\">I accept the <span style=\"color: #0000ff;\"><a style=\"color: #0000ff;\" href=\"http:\/\/metmark.hu\/adatvedelem\/en\" target=\"_blank\" rel=\"noopener\">Privacy policy<\/a><\/span>.<\/span><\/label><\/span><\/span><\/span>\n<\/p>\n<p><input class=\"wpcf7-form-control wpcf7-submit has-spinner\" type=\"submit\" value=\"SEND\" \/>\n<\/p><input type='hidden' class='wpcf7-pum' value='{\"closepopup\":false,\"closedelay\":0,\"openpopup\":false,\"openpopup_id\":0}' \/><div class=\"wpcf7-response-output\" aria-hidden=\"true\"><\/div>\n<input type=\"hidden\" name=\"trp-form-language\" value=\"en\"\/><\/form>\n<\/div>\n[\/et_pb_code][\/et_pb_column][et_pb_column type=&#8221;1_3&#8243; _builder_version=&#8221;3.25&#8243; custom_padding=&#8221;|||&#8221; custom_padding__hover=&#8221;|||&#8221;][\/et_pb_column][\/et_pb_row][\/et_pb_section]","protected":false},"excerpt":{"rendered":"<p>Hull\u00e1mr\u00e1csok A hull\u00e1mr\u00e1csok az \u00e9p\u00edt\u0151iparban igen kedvelt term\u00e9kek. Ker\u00edt\u00e9sbet\u00e9tk\u00e9nt rengeteg helyen tal\u00e1lkozhatunk vele. A hull\u00e1mr\u00e1csok legjellemz\u0151bb felhaszn\u00e1l\u00e1si ter\u00fcletei: \u2022 \u00c9P\u00cdT\u0150IPAR \u2013 ker\u00edt\u00e9selemek, korl\u00e1telemek, kapuk stb. \u2022 G\u00c9PIPAR \u2013 g\u00e9pburkolatok, kont\u00e9nerek stb. A rakt\u00e1ron l\u00e9v\u0151 standard hull\u00e1mr\u00e1cs t\u00edpusok mellett egyedi m\u00e9retekben is legy\u00e1rtuk t\u00e1bl\u00e1kat, ak\u00e1r kis mennyis\u00e9g eset\u00e9n is. Rakt\u00e1rk\u00e9szlet Ac\u00e9l szemm\u00e9ret (mm) huzal vastags\u00e1g (mm) [&hellip;]<\/p>","protected":false},"author":1,"featured_media":0,"parent":0,"menu_order":0,"comment_status":"closed","ping_status":"closed","template":"","meta":{"_et_pb_use_builder":"on","_et_pb_old_content":"","_et_gb_content_width":"","footnotes":""},"class_list":["post-39","page","type-page","status-publish","hentry"],"aioseo_notices":[],"_links":{"self":[{"href":"https:\/\/hullamracs.hu\/en\/wp-json\/wp\/v2\/pages\/39","targetHints":{"allow":["GET"]}}],"collection":[{"href":"https:\/\/hullamracs.hu\/en\/wp-json\/wp\/v2\/pages"}],"about":[{"href":"https:\/\/hullamracs.hu\/en\/wp-json\/wp\/v2\/types\/page"}],"author":[{"embeddable":true,"href":"https:\/\/hullamracs.hu\/en\/wp-json\/wp\/v2\/users\/1"}],"replies":[{"embeddable":true,"href":"https:\/\/hullamracs.hu\/en\/wp-json\/wp\/v2\/comments?post=39"}],"version-history":[{"count":17,"href":"https:\/\/hullamracs.hu\/en\/wp-json\/wp\/v2\/pages\/39\/revisions"}],"predecessor-version":[{"id":673,"href":"https:\/\/hullamracs.hu\/en\/wp-json\/wp\/v2\/pages\/39\/revisions\/673"}],"wp:attachment":[{"href":"https:\/\/hullamracs.hu\/en\/wp-json\/wp\/v2\/media?parent=39"}],"curies":[{"name":"wp","href":"https:\/\/api.w.org\/{rel}","templated":true}]}}